{"id":10,"date":"2024-03-10T21:00:25","date_gmt":"2024-03-10T21:00:25","guid":{"rendered":"https:\/\/www.josi-schmitt.de\/?page_id=10"},"modified":"2024-03-20T09:01:27","modified_gmt":"2024-03-20T09:01:27","slug":"startseite","status":"publish","type":"page","link":"https:\/\/www.josi-schmitt.de\/","title":{"rendered":"Startseite"},"content":{"rendered":"\r\n<p>Anna sagt Hallo!<\/p>\r\n<p>Diese Webseite ist erst einmal &#8222;nur&#8220; eine Visitenkarte.<\/p>\r\n<p>Ich interessiere mich f\u00fcr<\/p>\r\n<ul>\r\n<li>Portugal (habe dort ein &#8222;grosses St\u00fcck Lebenszeit&#8220; verbracht)<\/li>\r\n<li>Hunde (bei mir leben habe Drei tolle Exemplare)<\/li>\r\n<li>Hasen, bzw. Kaninchen (auch Drei)<\/li>\r\n<li>H\u00fchner (bei mir leben, &#8230; ich muss z\u00e4hlen)<\/li>\r\n<li>Umgang mit Depressionen<\/li>\r\n<li>Menschen in der Pflege (Jugendhilfe)<\/li>\r\n<\/ul>\r\n<p>Liebe Gr\u00fc\u00dfe<br \/>Anna<\/p>\r\n","protected":false},"excerpt":{"rendered":"<p>Anna sagt Hallo! Diese Webseite ist erst einmal &#8222;nur&#8220; eine Visitenkarte. Ich interessiere mich f\u00fcr Portugal (habe dort ein &#8222;grosses St\u00fcck Lebenszeit&#8220; verbracht) Hunde (bei mir leben habe Drei tolle Exemplare) Hasen, bzw. Kaninchen (auch Drei) H\u00fchner (bei mir leben, &#8230; ich muss z\u00e4hlen) Umgang mit Depressionen Menschen in der Pflege (Jugendhilfe) Liebe Gr\u00fc\u00dfeAnna<\/p>\n","protected":false},"author":1,"featured_media":0,"parent":0,"menu_order":0,"comment_status":"closed","ping_status":"closed","template":"","meta":{"footnotes":""},"class_list":["post-10","page","type-page","status-publish","hentry"],"yoast_head":"<!-- This site is optimized with the Yoast SEO plugin v27.3 - https:\/\/yoast.com\/product\/yoast-seo-wordpress\/ -->\n<title>Startseite - Anna\u00b4s Web<\/title>\n<meta name=\"robots\" content=\"index, follow, max-snippet:-1, max-image-preview:large, max-video-preview:-1\" \/>\n<link rel=\"canonical\" href=\"https:\/\/www.josi-schmitt.de\/\" \/>\n<meta property=\"og:locale\" content=\"de_DE\" \/>\n<meta property=\"og:type\" content=\"article\" \/>\n<meta property=\"og:title\" content=\"Startseite - Anna\u00b4s Web\" \/>\n<meta property=\"og:description\" content=\"Anna sagt Hallo! Diese Webseite ist erst einmal &#8222;nur&#8220; eine Visitenkarte. Ich interessiere mich f\u00fcr Portugal (habe dort ein &#8222;grosses St\u00fcck Lebenszeit&#8220; verbracht) Hunde (bei mir leben habe Drei tolle Exemplare) Hasen, bzw. Kaninchen (auch Drei) H\u00fchner (bei mir leben, &#8230; ich muss z\u00e4hlen) Umgang mit Depressionen Menschen in der Pflege (Jugendhilfe) Liebe Gr\u00fc\u00dfeAnna\" \/>\n<meta property=\"og:url\" content=\"https:\/\/www.josi-schmitt.de\/\" \/>\n<meta property=\"og:site_name\" content=\"Anna\u00b4s Web\" \/>\n<meta property=\"article:modified_time\" content=\"2024-03-20T09:01:27+00:00\" \/>\n<meta name=\"twitter:card\" content=\"summary_large_image\" \/>\n<meta name=\"twitter:label1\" content=\"Gesch\u00e4tzte Lesezeit\" \/>\n\t<meta name=\"twitter:data1\" content=\"1\u00a0Minute\" \/>\n<script type=\"application\/ld+json\" class=\"yoast-schema-graph\">{\"@context\":\"https:\\\/\\\/schema.org\",\"@graph\":[{\"@type\":\"WebPage\",\"@id\":\"https:\\\/\\\/www.josi-schmitt.de\\\/\",\"url\":\"https:\\\/\\\/www.josi-schmitt.de\\\/\",\"name\":\"Startseite - Anna\u00b4s Web\",\"isPartOf\":{\"@id\":\"https:\\\/\\\/www.josi-schmitt.de\\\/#website\"},\"datePublished\":\"2024-03-10T21:00:25+00:00\",\"dateModified\":\"2024-03-20T09:01:27+00:00\",\"breadcrumb\":{\"@id\":\"https:\\\/\\\/www.josi-schmitt.de\\\/#breadcrumb\"},\"inLanguage\":\"de\",\"potentialAction\":[{\"@type\":\"ReadAction\",\"target\":[\"https:\\\/\\\/www.josi-schmitt.de\\\/\"]}]},{\"@type\":\"BreadcrumbList\",\"@id\":\"https:\\\/\\\/www.josi-schmitt.de\\\/#breadcrumb\",\"itemListElement\":[{\"@type\":\"ListItem\",\"position\":1,\"name\":\"Startseite\",\"item\":\"https:\\\/\\\/www.josi-schmitt.de\\\/\"},{\"@type\":\"ListItem\",\"position\":2,\"name\":\"Startseite\"}]},{\"@type\":\"WebSite\",\"@id\":\"https:\\\/\\\/www.josi-schmitt.de\\\/#website\",\"url\":\"https:\\\/\\\/www.josi-schmitt.de\\\/\",\"name\":\"Anna\u00b4s Web\",\"description\":\"\",\"potentialAction\":[{\"@type\":\"SearchAction\",\"target\":{\"@type\":\"EntryPoint\",\"urlTemplate\":\"https:\\\/\\\/www.josi-schmitt.de\\\/?s={search_term_string}\"},\"query-input\":{\"@type\":\"PropertyValueSpecification\",\"valueRequired\":true,\"valueName\":\"search_term_string\"}}],\"inLanguage\":\"de\"}]}<\/script>\n<!-- \/ Yoast SEO plugin. -->","yoast_head_json":{"title":"Startseite - Anna\u00b4s Web","robots":{"index":"index","follow":"follow","max-snippet":"max-snippet:-1","max-image-preview":"max-image-preview:large","max-video-preview":"max-video-preview:-1"},"canonical":"https:\/\/www.josi-schmitt.de\/","og_locale":"de_DE","og_type":"article","og_title":"Startseite - Anna\u00b4s Web","og_description":"Anna sagt Hallo! Diese Webseite ist erst einmal &#8222;nur&#8220; eine Visitenkarte. Ich interessiere mich f\u00fcr Portugal (habe dort ein &#8222;grosses St\u00fcck Lebenszeit&#8220; verbracht) Hunde (bei mir leben habe Drei tolle Exemplare) Hasen, bzw. Kaninchen (auch Drei) H\u00fchner (bei mir leben, &#8230; ich muss z\u00e4hlen) Umgang mit Depressionen Menschen in der Pflege (Jugendhilfe) Liebe Gr\u00fc\u00dfeAnna","og_url":"https:\/\/www.josi-schmitt.de\/","og_site_name":"Anna\u00b4s Web","article_modified_time":"2024-03-20T09:01:27+00:00","twitter_card":"summary_large_image","twitter_misc":{"Gesch\u00e4tzte Lesezeit":"1\u00a0Minute"},"schema":{"@context":"https:\/\/schema.org","@graph":[{"@type":"WebPage","@id":"https:\/\/www.josi-schmitt.de\/","url":"https:\/\/www.josi-schmitt.de\/","name":"Startseite - Anna\u00b4s Web","isPartOf":{"@id":"https:\/\/www.josi-schmitt.de\/#website"},"datePublished":"2024-03-10T21:00:25+00:00","dateModified":"2024-03-20T09:01:27+00:00","breadcrumb":{"@id":"https:\/\/www.josi-schmitt.de\/#breadcrumb"},"inLanguage":"de","potentialAction":[{"@type":"ReadAction","target":["https:\/\/www.josi-schmitt.de\/"]}]},{"@type":"BreadcrumbList","@id":"https:\/\/www.josi-schmitt.de\/#breadcrumb","itemListElement":[{"@type":"ListItem","position":1,"name":"Startseite","item":"https:\/\/www.josi-schmitt.de\/"},{"@type":"ListItem","position":2,"name":"Startseite"}]},{"@type":"WebSite","@id":"https:\/\/www.josi-schmitt.de\/#website","url":"https:\/\/www.josi-schmitt.de\/","name":"Anna\u00b4s Web","description":"","potentialAction":[{"@type":"SearchAction","target":{"@type":"EntryPoint","urlTemplate":"https:\/\/www.josi-schmitt.de\/?s={search_term_string}"},"query-input":{"@type":"PropertyValueSpecification","valueRequired":true,"valueName":"search_term_string"}}],"inLanguage":"de"}]}},"_links":{"self":[{"href":"https:\/\/www.josi-schmitt.de\/index.php?rest_route=\/wp\/v2\/pages\/10","targetHints":{"allow":["GET"]}}],"collection":[{"href":"https:\/\/www.josi-schmitt.de\/index.php?rest_route=\/wp\/v2\/pages"}],"about":[{"href":"https:\/\/www.josi-schmitt.de\/index.php?rest_route=\/wp\/v2\/types\/page"}],"author":[{"embeddable":true,"href":"https:\/\/www.josi-schmitt.de\/index.php?rest_route=\/wp\/v2\/users\/1"}],"replies":[{"embeddable":true,"href":"https:\/\/www.josi-schmitt.de\/index.php?rest_route=%2Fwp%2Fv2%2Fcomments&post=10"}],"version-history":[{"count":6,"href":"https:\/\/www.josi-schmitt.de\/index.php?rest_route=\/wp\/v2\/pages\/10\/revisions"}],"predecessor-version":[{"id":69,"href":"https:\/\/www.josi-schmitt.de\/index.php?rest_route=\/wp\/v2\/pages\/10\/revisions\/69"}],"wp:attachment":[{"href":"https:\/\/www.josi-schmitt.de\/index.php?rest_route=%2Fwp%2Fv2%2Fmedia&parent=10"}],"curies":[{"name":"wp","href":"https:\/\/api.w.org\/{rel}","templated":true}]}}